{"id":527,"date":"2025-08-23T13:05:53","date_gmt":"2025-08-23T19:05:53","guid":{"rendered":"https:\/\/tropicasa.com\/southbay\/?page_id=527"},"modified":"2025-08-25T10:53:31","modified_gmt":"2025-08-25T16:53:31","slug":"romantic-zone-puerto-vallarta-beaches-dining-lifestyle-real-estate-guide","status":"publish","type":"page","link":"https:\/\/tropicasa.com\/southbay\/es\/romantic-zone-puerto-vallarta-beaches-dining-lifestyle-real-estate-guide\/","title":{"rendered":"Romantic Zone Puerto Vallarta: Beaches, Dining, Lifestyle &amp; Real Estate Guide"},"content":{"rendered":"<div class=\"wp-block-cover alignfull\" style=\"min-height:593px;aspect-ratio:unset;\"><img loading=\"lazy\" decoding=\"async\" width=\"1920\" height=\"1280\" class=\"wp-block-cover__image-background wp-image-529 size-full\" alt=\"\" src=\"https:\/\/tropicasa.com\/southbay\/wp-content\/uploads\/2025\/08\/7bd59fb3cafa3e1.jpeg\" data-object-fit=\"cover\" srcset=\"https:\/\/tropicasa.com\/southbay\/wp-content\/uploads\/2025\/08\/7bd59fb3cafa3e1.jpeg 1920w, https:\/\/tropicasa.com\/southbay\/wp-content\/uploads\/2025\/08\/7bd59fb3cafa3e1-300x200.jpeg 300w, https:\/\/tropicasa.com\/southbay\/wp-content\/uploads\/2025\/08\/7bd59fb3cafa3e1-768x512.jpeg 768w, https:\/\/tropicasa.com\/southbay\/wp-content\/uploads\/2025\/08\/7bd59fb3cafa3e1-1536x1024.jpeg 1536w, https:\/\/tropicasa.com\/southbay\/wp-content\/uploads\/2025\/08\/7bd59fb3cafa3e1-18x12.jpeg 18w, https:\/\/tropicasa.com\/southbay\/wp-content\/uploads\/2025\/08\/7bd59fb3cafa3e1-24x16.jpeg 24w, https:\/\/tropicasa.com\/southbay\/wp-content\/uploads\/2025\/08\/7bd59fb3cafa3e1-36x24.jpeg 36w, https:\/\/tropicasa.com\/southbay\/wp-content\/uploads\/2025\/08\/7bd59fb3cafa3e1-48x32.jpeg 48w, https:\/\/tropicasa.com\/southbay\/wp-content\/uploads\/2025\/08\/7bd59fb3cafa3e1-500x333.jpeg 500w, https:\/\/tropicasa.com\/southbay\/wp-content\/uploads\/2025\/08\/7bd59fb3cafa3e1-800x533.jpeg 800w, https:\/\/tropicasa.com\/southbay\/wp-content\/uploads\/2025\/08\/7bd59fb3cafa3e1-1280x853.jpeg 1280w\" sizes=\"auto, (max-width: 1920px) 100vw, 1920px\" \/><span aria-hidden=\"true\" class=\"wp-block-cover__background has-black-background-color has-background-dim-30 has-background-dim\"><\/span><div class=\"wp-block-cover__inner-container is-layout-constrained wp-block-cover-is-layout-constrained\">\n<div style=\"height:102px\" aria-hidden=\"true\" class=\"wp-block-spacer\"><\/div>\n\n\n\n<h1 class=\"wp-block-heading has-text-align-center ti has-white-color has-text-color has-link-color has-x-large-font-size wp-elements-827dd23d8d7634a78480ced9fb804bae\" style=\"font-style:normal;font-weight:400\">Zona Rom\u00e1ntica de Puerto Vallarta: Gu\u00eda de Playas, Gastronom\u00eda, Estilo de Vida y Bienes Ra\u00edces<\/h1>\n<\/div><\/div>\n\n\n\n<div class=\"wp-block-media-text alignfull is-stacked-on-mobile is-vertically-aligned-center is-image-fill-element\" style=\"grid-template-columns:35% auto\"><figure class=\"wp-block-media-text__media\"><img loading=\"lazy\" decoding=\"async\" width=\"1140\" height=\"640\" src=\"https:\/\/tropicasa.com\/southbay\/wp-content\/uploads\/2025\/08\/zona-romantica-real-estate-7-1140x640-c.jpg\" alt=\"\" class=\"wp-image-534 size-full\" style=\"object-position:21% 51%\" srcset=\"https:\/\/tropicasa.com\/southbay\/wp-content\/uploads\/2025\/08\/zona-romantica-real-estate-7-1140x640-c.jpg 1140w, https:\/\/tropicasa.com\/southbay\/wp-content\/uploads\/2025\/08\/zona-romantica-real-estate-7-1140x640-c-300x168.jpg 300w, https:\/\/tropicasa.com\/southbay\/wp-content\/uploads\/2025\/08\/zona-romantica-real-estate-7-1140x640-c-768x431.jpg 768w, https:\/\/tropicasa.com\/southbay\/wp-content\/uploads\/2025\/08\/zona-romantica-real-estate-7-1140x640-c-18x10.jpg 18w, https:\/\/tropicasa.com\/southbay\/wp-content\/uploads\/2025\/08\/zona-romantica-real-estate-7-1140x640-c-24x13.jpg 24w, https:\/\/tropicasa.com\/southbay\/wp-content\/uploads\/2025\/08\/zona-romantica-real-estate-7-1140x640-c-36x20.jpg 36w, https:\/\/tropicasa.com\/southbay\/wp-content\/uploads\/2025\/08\/zona-romantica-real-estate-7-1140x640-c-48x27.jpg 48w, https:\/\/tropicasa.com\/southbay\/wp-content\/uploads\/2025\/08\/zona-romantica-real-estate-7-1140x640-c-500x281.jpg 500w, https:\/\/tropicasa.com\/southbay\/wp-content\/uploads\/2025\/08\/zona-romantica-real-estate-7-1140x640-c-800x449.jpg 800w\" sizes=\"auto, (max-width: 1140px) 100vw, 1140px\" \/><\/figure><div class=\"wp-block-media-text__content\">\n<div style=\"height:69px\" aria-hidden=\"true\" class=\"wp-block-spacer\"><\/div>\n\n\n\n<h2 class=\"wp-block-heading has-text-align-center ti\" style=\"font-size:30px\">\u00bfQu\u00e9 es la Zona Rom\u00e1ntica de Puerto Vallarta?<\/h2>\n\n\n\n<p>La&nbsp;<strong>Zona Rom\u00e1ntica de Puerto Vallarta<\/strong>, tambi\u00e9n conocido como el \"Centro Viejo\", es una de las zonas m\u00e1s emblem\u00e1ticas y queridas de la ciudad. Ubicado justo al sur del famoso Malec\u00f3n, este encantador barrio cuenta con calles adoquinadas, arquitectura tradicional mexicana y un ambiente bohemio que atrae tanto a locales como a visitantes internacionales.<\/p>\n\n\n\n<div style=\"height:48px\" aria-hidden=\"true\" class=\"wp-block-spacer\"><\/div>\n<\/div><\/div>\n\n\n\n<div style=\"height:54px\" aria-hidden=\"true\" class=\"wp-block-spacer\"><\/div>\n\n\n\n<div class=\"wp-block-media-text alignfull has-media-on-the-right is-stacked-on-mobile is-vertically-aligned-center is-image-fill-element\" style=\"grid-template-columns:auto 35%\"><div class=\"wp-block-media-text__content\">\n<div style=\"height:65px\" aria-hidden=\"true\" class=\"wp-block-spacer\"><\/div>\n\n\n\n<p class=\"has-text-align-center ti\" style=\"font-size:30px\">Cultura y Entretenimiento<\/p>\n\n\n\n<p class=\"translation-block\">La Zona Rom\u00e1ntica es un centro cultural de primer nivel. Desde teatros y galer\u00edas de arte hasta bares con m\u00fasica en vivo y festivales, siempre hay algo que hacer. Cafeter\u00edas y restaurantes se alinean en las calles, ofreciendo desde aut\u00e9ntica cocina mexicana hasta alta cocina internacional, convirti\u00e9ndola en un verdadero para\u00edso para los amantes de la gastronom\u00eda.<\/p>\n\n\n\n<div style=\"height:48px\" aria-hidden=\"true\" class=\"wp-block-spacer\"><\/div>\n<\/div><figure class=\"wp-block-media-text__media\"><img loading=\"lazy\" decoding=\"async\" width=\"1920\" height=\"1280\" src=\"https:\/\/tropicasa.com\/southbay\/wp-content\/uploads\/2025\/08\/zona-romantica.jpg\" alt=\"\" class=\"wp-image-535 size-full\" style=\"object-position:35% 59%\" srcset=\"https:\/\/tropicasa.com\/southbay\/wp-content\/uploads\/2025\/08\/zona-romantica.jpg 1920w, https:\/\/tropicasa.com\/southbay\/wp-content\/uploads\/2025\/08\/zona-romantica-300x200.jpg 300w, https:\/\/tropicasa.com\/southbay\/wp-content\/uploads\/2025\/08\/zona-romantica-768x512.jpg 768w, https:\/\/tropicasa.com\/southbay\/wp-content\/uploads\/2025\/08\/zona-romantica-1536x1024.jpg 1536w, https:\/\/tropicasa.com\/southbay\/wp-content\/uploads\/2025\/08\/zona-romantica-18x12.jpg 18w, https:\/\/tropicasa.com\/southbay\/wp-content\/uploads\/2025\/08\/zona-romantica-24x16.jpg 24w, https:\/\/tropicasa.com\/southbay\/wp-content\/uploads\/2025\/08\/zona-romantica-36x24.jpg 36w, https:\/\/tropicasa.com\/southbay\/wp-content\/uploads\/2025\/08\/zona-romantica-48x32.jpg 48w, https:\/\/tropicasa.com\/southbay\/wp-content\/uploads\/2025\/08\/zona-romantica-500x333.jpg 500w, https:\/\/tropicasa.com\/southbay\/wp-content\/uploads\/2025\/08\/zona-romantica-800x533.jpg 800w, https:\/\/tropicasa.com\/southbay\/wp-content\/uploads\/2025\/08\/zona-romantica-1280x853.jpg 1280w\" sizes=\"auto, (max-width: 1920px) 100vw, 1920px\" \/><\/figure><\/div>\n\n\n\n<div style=\"height:54px\" aria-hidden=\"true\" class=\"wp-block-spacer\"><\/div>\n\n\n\n<div class=\"wp-block-media-text alignfull is-stacked-on-mobile is-vertically-aligned-center is-image-fill-element\" style=\"grid-template-columns:35% auto\"><figure class=\"wp-block-media-text__media\"><img loading=\"lazy\" decoding=\"async\" width=\"2000\" height=\"1127\" src=\"https:\/\/tropicasa.com\/southbay\/wp-content\/uploads\/2025\/08\/468310634_122181601196175432_4969126028438329985_n-2000x1127.jpg\" alt=\"\" class=\"wp-image-536 size-full\" style=\"object-position:76% 44%\" srcset=\"https:\/\/tropicasa.com\/southbay\/wp-content\/uploads\/2025\/08\/468310634_122181601196175432_4969126028438329985_n-2000x1127.jpg 2000w, https:\/\/tropicasa.com\/southbay\/wp-content\/uploads\/2025\/08\/468310634_122181601196175432_4969126028438329985_n-300x169.jpg 300w, https:\/\/tropicasa.com\/southbay\/wp-content\/uploads\/2025\/08\/468310634_122181601196175432_4969126028438329985_n-768x433.jpg 768w, https:\/\/tropicasa.com\/southbay\/wp-content\/uploads\/2025\/08\/468310634_122181601196175432_4969126028438329985_n-1536x866.jpg 1536w, https:\/\/tropicasa.com\/southbay\/wp-content\/uploads\/2025\/08\/468310634_122181601196175432_4969126028438329985_n-18x10.jpg 18w, https:\/\/tropicasa.com\/southbay\/wp-content\/uploads\/2025\/08\/468310634_122181601196175432_4969126028438329985_n-24x14.jpg 24w, https:\/\/tropicasa.com\/southbay\/wp-content\/uploads\/2025\/08\/468310634_122181601196175432_4969126028438329985_n-36x20.jpg 36w, https:\/\/tropicasa.com\/southbay\/wp-content\/uploads\/2025\/08\/468310634_122181601196175432_4969126028438329985_n-48x27.jpg 48w, https:\/\/tropicasa.com\/southbay\/wp-content\/uploads\/2025\/08\/468310634_122181601196175432_4969126028438329985_n-500x282.jpg 500w, https:\/\/tropicasa.com\/southbay\/wp-content\/uploads\/2025\/08\/468310634_122181601196175432_4969126028438329985_n-800x451.jpg 800w, https:\/\/tropicasa.com\/southbay\/wp-content\/uploads\/2025\/08\/468310634_122181601196175432_4969126028438329985_n-1280x721.jpg 1280w, https:\/\/tropicasa.com\/southbay\/wp-content\/uploads\/2025\/08\/468310634_122181601196175432_4969126028438329985_n-1920x1082.jpg 1920w, https:\/\/tropicasa.com\/southbay\/wp-content\/uploads\/2025\/08\/468310634_122181601196175432_4969126028438329985_n.jpg 2048w\" sizes=\"auto, (max-width: 2000px) 100vw, 2000px\" \/><\/figure><div class=\"wp-block-media-text__content\">\n<div style=\"height:63px\" aria-hidden=\"true\" class=\"wp-block-spacer\"><\/div>\n\n\n\n<p class=\"has-text-align-center ti\" style=\"font-size:30px\">Playa Los Muertos<\/p>\n\n\n\n<p class=\"translation-block\">Uno de los principales atractivos de la Zona Rom\u00e1ntica es\u00a0<strong>Playa Los Muertos<\/strong>, la playa m\u00e1s famosa de Puerto Vallarta. Con su ic\u00f3nico muelle que se ilumina por la noche y una gran variedad de clubes de playa, es el lugar perfecto para relajarse durante el d\u00eda o disfrutar de una puesta de sol inolvidable.<\/p>\n\n\n\n<div style=\"height:48px\" aria-hidden=\"true\" class=\"wp-block-spacer\"><\/div>\n<\/div><\/div>\n\n\n\n<div style=\"height:54px\" aria-hidden=\"true\" class=\"wp-block-spacer\"><\/div>\n\n\n\n<div class=\"wp-block-media-text alignfull has-media-on-the-right is-stacked-on-mobile is-vertically-aligned-center is-image-fill-element\" style=\"grid-template-columns:auto 35%\"><div class=\"wp-block-media-text__content\">\n<div style=\"height:63px\" aria-hidden=\"true\" class=\"wp-block-spacer\"><\/div>\n\n\n\n<p class=\"has-text-align-center ti\" style=\"font-size:30px\">Una Comunidad Inclusiva<\/p>\n\n\n\n<p class=\"translation-block\">La Zona Rom\u00e1ntica tambi\u00e9n es reconocida como uno de los barrios m\u00e1s inclusivos de M\u00e9xico. Alberga una vibrante comunidad LGBTQ+, con bares, hoteles y eventos que celebran la diversidad. Cada a\u00f1o, el Orgullo de Vallarta transforma las calles en una celebraci\u00f3n colorida y animada.<\/p>\n\n\n\n<div style=\"height:48px\" aria-hidden=\"true\" class=\"wp-block-spacer\"><\/div>\n<\/div><figure class=\"wp-block-media-text__media\"><img loading=\"lazy\" decoding=\"async\" width=\"1200\" height=\"800\" src=\"https:\/\/tropicasa.com\/southbay\/wp-content\/uploads\/2025\/08\/1030917-vallarta-pride-hannahtheeditor-113eb.jpg\" alt=\"\" class=\"wp-image-538 size-full\" style=\"object-position:50% 50%\" srcset=\"https:\/\/tropicasa.com\/southbay\/wp-content\/uploads\/2025\/08\/1030917-vallarta-pride-hannahtheeditor-113eb.jpg 1200w, https:\/\/tropicasa.com\/southbay\/wp-content\/uploads\/2025\/08\/1030917-vallarta-pride-hannahtheeditor-113eb-300x200.jpg 300w, https:\/\/tropicasa.com\/southbay\/wp-content\/uploads\/2025\/08\/1030917-vallarta-pride-hannahtheeditor-113eb-768x512.jpg 768w, https:\/\/tropicasa.com\/southbay\/wp-content\/uploads\/2025\/08\/1030917-vallarta-pride-hannahtheeditor-113eb-18x12.jpg 18w, https:\/\/tropicasa.com\/southbay\/wp-content\/uploads\/2025\/08\/1030917-vallarta-pride-hannahtheeditor-113eb-24x16.jpg 24w, https:\/\/tropicasa.com\/southbay\/wp-content\/uploads\/2025\/08\/1030917-vallarta-pride-hannahtheeditor-113eb-36x24.jpg 36w, https:\/\/tropicasa.com\/southbay\/wp-content\/uploads\/2025\/08\/1030917-vallarta-pride-hannahtheeditor-113eb-48x32.jpg 48w, https:\/\/tropicasa.com\/southbay\/wp-content\/uploads\/2025\/08\/1030917-vallarta-pride-hannahtheeditor-113eb-500x333.jpg 500w, https:\/\/tropicasa.com\/southbay\/wp-content\/uploads\/2025\/08\/1030917-vallarta-pride-hannahtheeditor-113eb-800x533.jpg 800w\" sizes=\"auto, (max-width: 1200px) 100vw, 1200px\" \/><\/figure><\/div>\n\n\n\n<div style=\"height:54px\" aria-hidden=\"true\" class=\"wp-block-spacer\"><\/div>\n\n\n\n<div class=\"wp-block-media-text alignfull is-stacked-on-mobile is-vertically-aligned-center is-image-fill-element\" style=\"grid-template-columns:35% auto\"><figure class=\"wp-block-media-text__media\"><img loading=\"lazy\" decoding=\"async\" width=\"1707\" height=\"1280\" src=\"https:\/\/tropicasa.com\/southbay\/wp-content\/uploads\/2025\/08\/4-principal-restaurant-mi-pueblit-view-pier_standard.jpg\" alt=\"\" class=\"wp-image-539 size-full\" style=\"object-position:50% 50%\" srcset=\"https:\/\/tropicasa.com\/southbay\/wp-content\/uploads\/2025\/08\/4-principal-restaurant-mi-pueblit-view-pier_standard.jpg 1707w, https:\/\/tropicasa.com\/southbay\/wp-content\/uploads\/2025\/08\/4-principal-restaurant-mi-pueblit-view-pier_standard-300x225.jpg 300w, https:\/\/tropicasa.com\/southbay\/wp-content\/uploads\/2025\/08\/4-principal-restaurant-mi-pueblit-view-pier_standard-768x576.jpg 768w, https:\/\/tropicasa.com\/southbay\/wp-content\/uploads\/2025\/08\/4-principal-restaurant-mi-pueblit-view-pier_standard-1536x1152.jpg 1536w, https:\/\/tropicasa.com\/southbay\/wp-content\/uploads\/2025\/08\/4-principal-restaurant-mi-pueblit-view-pier_standard-16x12.jpg 16w, https:\/\/tropicasa.com\/southbay\/wp-content\/uploads\/2025\/08\/4-principal-restaurant-mi-pueblit-view-pier_standard-24x18.jpg 24w, https:\/\/tropicasa.com\/southbay\/wp-content\/uploads\/2025\/08\/4-principal-restaurant-mi-pueblit-view-pier_standard-36x27.jpg 36w, https:\/\/tropicasa.com\/southbay\/wp-content\/uploads\/2025\/08\/4-principal-restaurant-mi-pueblit-view-pier_standard-48x36.jpg 48w, https:\/\/tropicasa.com\/southbay\/wp-content\/uploads\/2025\/08\/4-principal-restaurant-mi-pueblit-view-pier_standard-500x375.jpg 500w, https:\/\/tropicasa.com\/southbay\/wp-content\/uploads\/2025\/08\/4-principal-restaurant-mi-pueblit-view-pier_standard-800x600.jpg 800w, https:\/\/tropicasa.com\/southbay\/wp-content\/uploads\/2025\/08\/4-principal-restaurant-mi-pueblit-view-pier_standard-1280x960.jpg 1280w\" sizes=\"auto, (max-width: 1707px) 100vw, 1707px\" \/><\/figure><div class=\"wp-block-media-text__content\">\n<div style=\"height:63px\" aria-hidden=\"true\" class=\"wp-block-spacer\"><\/div>\n\n\n\n<h3 class=\"wp-block-heading has-text-align-center ti\" style=\"font-size:30px\">Cenas en la Zona Rom\u00e1ntica<\/h3>\n\n\n\n<p class=\"translation-block\">Los amantes de la gastronom\u00eda encontrar\u00e1n en la Zona Rom\u00e1ntica una joya culinaria. Desde puestos de tacos tradicionales hasta galardonados restaurantes gourmet, la Zona Rom\u00e1ntica de Puerto Vallarta ofrece una incre\u00edble oferta gastron\u00f3mica para todos los gustos.<\/p>\n\n\n\n<div style=\"height:48px\" aria-hidden=\"true\" class=\"wp-block-spacer\"><\/div>\n<\/div><\/div>\n\n\n\n<div style=\"height:54px\" aria-hidden=\"true\" class=\"wp-block-spacer\"><\/div>\n\n\n\n<div class=\"wp-block-media-text alignfull has-media-on-the-right is-stacked-on-mobile is-vertically-aligned-center is-image-fill-element\" style=\"grid-template-columns:auto 35%\"><div class=\"wp-block-media-text__content\">\n<div style=\"height:63px\" aria-hidden=\"true\" class=\"wp-block-spacer\"><\/div>\n\n\n\n<h3 class=\"wp-block-heading has-text-align-center ti\" style=\"font-size:30px\">Vivir en la Zona Rom\u00e1ntica<\/h3>\n\n\n\n<p class=\"translation-block\">M\u00e1s all\u00e1 del turismo, la Zona Rom\u00e1ntica es uno de los lugares m\u00e1s atractivos para vivir o invertir en bienes ra\u00edces. Modernos condominios a pasos de la playa conviven con casas hist\u00f3ricas llenas de car\u00e1cter. Su ubicaci\u00f3n c\u00e9ntrica, su f\u00e1cil acceso a pie y su proximidad a servicios esenciales la convierten en una excelente opci\u00f3n para quienes buscan calidad de vida y potencial de inversi\u00f3n.<\/p>\n\n\n\n<div style=\"height:48px\" aria-hidden=\"true\" class=\"wp-block-spacer\"><\/div>\n<\/div><figure class=\"wp-block-media-text__media\"><img loading=\"lazy\" decoding=\"async\" width=\"2000\" height=\"1125\" src=\"https:\/\/tropicasa.com\/southbay\/wp-content\/uploads\/2025\/08\/Los-Muertos-Beach-scaled.jpg-2000x1125.webp\" alt=\"\" class=\"wp-image-540 size-full\" style=\"object-position:50% 50%\" srcset=\"https:\/\/tropicasa.com\/southbay\/wp-content\/uploads\/2025\/08\/Los-Muertos-Beach-scaled.jpg-2000x1125.webp 2000w, https:\/\/tropicasa.com\/southbay\/wp-content\/uploads\/2025\/08\/Los-Muertos-Beach-scaled.jpg-300x169.webp 300w, https:\/\/tropicasa.com\/southbay\/wp-content\/uploads\/2025\/08\/Los-Muertos-Beach-scaled.jpg-768x432.webp 768w, https:\/\/tropicasa.com\/southbay\/wp-content\/uploads\/2025\/08\/Los-Muertos-Beach-scaled.jpg-1536x864.webp 1536w, https:\/\/tropicasa.com\/southbay\/wp-content\/uploads\/2025\/08\/Los-Muertos-Beach-scaled.jpg-2048x1152.webp 2048w, https:\/\/tropicasa.com\/southbay\/wp-content\/uploads\/2025\/08\/Los-Muertos-Beach-scaled.jpg-18x10.webp 18w, https:\/\/tropicasa.com\/southbay\/wp-content\/uploads\/2025\/08\/Los-Muertos-Beach-scaled.jpg-24x14.webp 24w, https:\/\/tropicasa.com\/southbay\/wp-content\/uploads\/2025\/08\/Los-Muertos-Beach-scaled.jpg-36x20.webp 36w, https:\/\/tropicasa.com\/southbay\/wp-content\/uploads\/2025\/08\/Los-Muertos-Beach-scaled.jpg-48x27.webp 48w, https:\/\/tropicasa.com\/southbay\/wp-content\/uploads\/2025\/08\/Los-Muertos-Beach-scaled.jpg-500x281.webp 500w, https:\/\/tropicasa.com\/southbay\/wp-content\/uploads\/2025\/08\/Los-Muertos-Beach-scaled.jpg-800x450.webp 800w, https:\/\/tropicasa.com\/southbay\/wp-content\/uploads\/2025\/08\/Los-Muertos-Beach-scaled.jpg-1280x720.webp 1280w, https:\/\/tropicasa.com\/southbay\/wp-content\/uploads\/2025\/08\/Los-Muertos-Beach-scaled.jpg-1920x1080.webp 1920w\" sizes=\"auto, (max-width: 2000px) 100vw, 2000px\" \/><\/figure><\/div>","protected":false},"excerpt":{"rendered":"","protected":false},"author":1,"featured_media":0,"parent":0,"menu_order":0,"comment_status":"closed","ping_status":"closed","template":"","meta":{"pgc_sgb_lightbox_settings":"","iawp_total_views":60,"footnotes":""},"class_list":["post-527","page","type-page","status-publish","hentry"],"_links":{"self":[{"href":"https:\/\/tropicasa.com\/southbay\/es\/wp-json\/wp\/v2\/pages\/527","targetHints":{"allow":["GET"]}}],"collection":[{"href":"https:\/\/tropicasa.com\/southbay\/es\/wp-json\/wp\/v2\/pages"}],"about":[{"href":"https:\/\/tropicasa.com\/southbay\/es\/wp-json\/wp\/v2\/types\/page"}],"author":[{"embeddable":true,"href":"https:\/\/tropicasa.com\/southbay\/es\/wp-json\/wp\/v2\/users\/1"}],"replies":[{"embeddable":true,"href":"https:\/\/tropicasa.com\/southbay\/es\/wp-json\/wp\/v2\/comments?post=527"}],"version-history":[{"count":8,"href":"https:\/\/tropicasa.com\/southbay\/es\/wp-json\/wp\/v2\/pages\/527\/revisions"}],"predecessor-version":[{"id":545,"href":"https:\/\/tropicasa.com\/southbay\/es\/wp-json\/wp\/v2\/pages\/527\/revisions\/545"}],"wp:attachment":[{"href":"https:\/\/tropicasa.com\/southbay\/es\/wp-json\/wp\/v2\/media?parent=527"}],"curies":[{"name":"wp","href":"https:\/\/api.w.org\/{rel}","templated":true}]}}