{"id":235,"date":"2025-04-09T15:43:33","date_gmt":"2025-04-09T15:43:33","guid":{"rendered":"https:\/\/tropicasa.com\/southbay\/?page_id=235"},"modified":"2025-04-10T16:53:54","modified_gmt":"2025-04-10T16:53:54","slug":"privacy-notice","status":"publish","type":"page","link":"https:\/\/tropicasa.com\/southbay\/es\/privacy-notice\/","title":{"rendered":"Aviso de privacidad"},"content":{"rendered":"<div class=\"wp-block-cover alignfull is-light\" style=\"min-height:184px;aspect-ratio:unset;\"><span aria-hidden=\"true\" class=\"wp-block-cover__background has-background-dim-0 has-background-dim\" style=\"background-color:#dd8140\"><\/span><img loading=\"lazy\" decoding=\"async\" width=\"2560\" height=\"1440\" class=\"wp-block-cover__image-background wp-image-58\" alt=\"\" src=\"https:\/\/tropicasa.com\/southbay\/wp-content\/uploads\/2025\/04\/southbay-vallarta-pool-scaled.webp\" style=\"object-position:44% 38%\" data-object-fit=\"cover\" data-object-position=\"44% 38%\" srcset=\"https:\/\/tropicasa.com\/southbay\/wp-content\/uploads\/2025\/04\/southbay-vallarta-pool-scaled.webp 2560w, https:\/\/tropicasa.com\/southbay\/wp-content\/uploads\/2025\/04\/southbay-vallarta-pool-300x169.webp 300w, https:\/\/tropicasa.com\/southbay\/wp-content\/uploads\/2025\/04\/southbay-vallarta-pool-1024x576.webp 1024w, https:\/\/tropicasa.com\/southbay\/wp-content\/uploads\/2025\/04\/southbay-vallarta-pool-768x432.webp 768w, https:\/\/tropicasa.com\/southbay\/wp-content\/uploads\/2025\/04\/southbay-vallarta-pool-1536x864.webp 1536w, https:\/\/tropicasa.com\/southbay\/wp-content\/uploads\/2025\/04\/southbay-vallarta-pool-2048x1152.webp 2048w\" sizes=\"auto, (max-width: 2560px) 100vw, 2560px\" \/><div class=\"wp-block-cover__inner-container is-layout-constrained wp-block-cover-is-layout-constrained\">\n<p class=\"has-text-align-center has-large-font-size\"><\/p>\n<\/div><\/div>\n\n\n\n<div style=\"height:61px\" aria-hidden=\"true\" class=\"wp-block-spacer\"><\/div>\n\n\n\n<p style=\"font-size:17px\"><strong>Aviso de privacidad<\/strong><br>Al registrarse, usted acepta ser contactado por South Bay, Tropicasa Realty y sus filiales y subsidiarias actuales y futuras con respecto a sus productos y servicios, invitaciones a eventos, boletines informativos, anuncios, promociones, incentivos y otras comunicaciones. Esta informaci\u00f3n no se vende ni se distribuye a terceros, y usted puede revocar su consentimiento en cualquier momento utilizando el enlace de cancelaci\u00f3n de suscripci\u00f3n incluido en todos los correos electr\u00f3nicos.<\/p>\n\n\n\n<p><strong>Divulgaci\u00f3n de bienes ra\u00edces<\/strong><br>Esta oferta reemplaza cualquier oferta previamente anunciada o promocionada a trav\u00e9s de cualquier medio. Debido a la naturaleza de la distribuci\u00f3n en los medios, las propiedades, t\u00e9rminos, condiciones y precios aqu\u00ed contenidos est\u00e1n sujetos a disponibilidad, retiro, cambio y\/o fluctuaciones sin previo aviso, incluyendo cambios debido a tipos de cambio y negociaciones entre las partes, que pueden incluir moneda, t\u00e9rminos de pago y otros t\u00e9rminos y condiciones. Todas las vistas e im\u00e1genes son conceptuales y est\u00e1n destinadas solo a una referencia general y no deben considerarse el producto final. Los desarrolladores de preconstrucci\u00f3n se reservan el derecho, sin previo aviso, de modificar o cambiar los planos\/dise\u00f1os de planta, representaciones, especificaciones, caracter\u00edsticas, comodidades y precios antes de la firma del contrato. Toda la informaci\u00f3n proporcionada aqu\u00ed se considera confiable y ha sido obtenida de fuentes externas confiables. Se recomienda a los compradores consultar con su agente de bienes ra\u00edces, abogado, contador y cualquier otro profesional relevante para obtener orientaci\u00f3n. Tropicasa Realty no asume ninguna responsabilidad por errores u omisiones en la informaci\u00f3n proporcionada.<\/p>\n\n\n\n<p class=\"has-medium-font-size\"><strong>Pol\u00edtica de privacidad<br><\/strong><a href=\"https:\/\/tropicasa.com\/southbay\/es\/privacy-policy\/\" target=\"_blank\" rel=\"noreferrer noopener\">https:\/\/tropicasa.com\/politica-de-privacidad<\/a><\/p>","protected":false},"excerpt":{"rendered":"<p>Privacy NoticeBy registering, you consent to be contacted by South Bay, Tropicasa Realty and their current and future affiliates and subsidiaries regarding their present and future products and services, event&hellip;<\/p>","protected":false},"author":1,"featured_media":0,"parent":0,"menu_order":0,"comment_status":"closed","ping_status":"closed","template":"","meta":{"pgc_sgb_lightbox_settings":"","iawp_total_views":207,"footnotes":""},"class_list":["post-235","page","type-page","status-publish","hentry"],"_links":{"self":[{"href":"https:\/\/tropicasa.com\/southbay\/es\/wp-json\/wp\/v2\/pages\/235","targetHints":{"allow":["GET"]}}],"collection":[{"href":"https:\/\/tropicasa.com\/southbay\/es\/wp-json\/wp\/v2\/pages"}],"about":[{"href":"https:\/\/tropicasa.com\/southbay\/es\/wp-json\/wp\/v2\/types\/page"}],"author":[{"embeddable":true,"href":"https:\/\/tropicasa.com\/southbay\/es\/wp-json\/wp\/v2\/users\/1"}],"replies":[{"embeddable":true,"href":"https:\/\/tropicasa.com\/southbay\/es\/wp-json\/wp\/v2\/comments?post=235"}],"version-history":[{"count":1,"href":"https:\/\/tropicasa.com\/southbay\/es\/wp-json\/wp\/v2\/pages\/235\/revisions"}],"predecessor-version":[{"id":236,"href":"https:\/\/tropicasa.com\/southbay\/es\/wp-json\/wp\/v2\/pages\/235\/revisions\/236"}],"wp:attachment":[{"href":"https:\/\/tropicasa.com\/southbay\/es\/wp-json\/wp\/v2\/media?parent=235"}],"curies":[{"name":"wp","href":"https:\/\/api.w.org\/{rel}","templated":true}]}}