{"id":142,"date":"2023-12-29T17:33:25","date_gmt":"2023-12-29T23:33:25","guid":{"rendered":"https:\/\/tropicasa.com\/fincalosagaves\/?page_id=142"},"modified":"2024-01-11T12:58:06","modified_gmt":"2024-01-11T18:58:06","slug":"declaracion-de-bienes-raices","status":"publish","type":"page","link":"https:\/\/tropicasa.com\/fincalosagaves\/declaracion-de-bienes-raices\/","title":{"rendered":"Declaraci\u00f3n de Bienes Ra\u00edces"},"content":{"rendered":"\n<p>Esta oferta prevalece sobre cualquier oferta previamente anunciada o promocionada en cualquier medio de comunicaci\u00f3n. En virtud de la circulaci\u00f3n de los medios publicados, las propiedades, t\u00e9rminos, condiciones y precios aqu\u00ed indicados est\u00e1n sujetos sin previo aviso a disponibilidad, a ser retirados, cambios y\/o fluctuaciones debidas a los tipos de cambio; as\u00ed como a negociaciones entre las partes, que pueden incluir divisas, condiciones de pago y otros t\u00e9rminos y condiciones. Todas las im\u00e1genes digitales o renders son conceptuales y est\u00e1n pensadas \u00fanicamente como referencia general y no deben considerarse el producto final. Los desarrolladores de pre-construcci\u00f3n se reservan el derecho, sin previo aviso, de modificar o cambiar los planos\/dise\u00f1os, im\u00e1genes conceptuales o renders, especificaciones, caracter\u00edsticas, servicios y precios, antes de la firma del contrato. Toda la informaci\u00f3n aqu\u00ed contenida se considera fiable y ha sido obtenida de fuentes fiables de terceros. Se aconseja a los compradores que consulten con su agente inmobiliario, abogado, contador y cualquier otro profesional para obtener asesoramiento. Tropicasa Realty no acepta ninguna responsabilidad por cualquier error u omisi\u00f3n en cualquier informaci\u00f3n aqu\u00ed proporcionada.<\/p>\n","protected":false},"excerpt":{"rendered":"<p>Esta oferta prevalece sobre cualquier oferta previamente anunciada o promocionada en cualquier medio de comunicaci\u00f3n. En virtud de la circulaci\u00f3n de los medios publicados, las propiedades, t\u00e9rminos, condiciones y precios aqu\u00ed indicados est\u00e1n sujetos sin previo aviso a disponibilidad, a ser retirados, cambios y\/o fluctuaciones debidas a los tipos de cambio; as\u00ed como a negociaciones [&hellip;]<\/p>\n","protected":false},"author":1,"featured_media":0,"parent":0,"menu_order":0,"comment_status":"closed","ping_status":"closed","template":"","meta":{"footnotes":""},"class_list":["post-142","page","type-page","status-publish","hentry"],"acf":[],"lang":"es","translations":{"es":142,"en":128},"pll_sync_post":[],"_links":{"self":[{"href":"https:\/\/tropicasa.com\/fincalosagaves\/wp-json\/wp\/v2\/pages\/142","targetHints":{"allow":["GET"]}}],"collection":[{"href":"https:\/\/tropicasa.com\/fincalosagaves\/wp-json\/wp\/v2\/pages"}],"about":[{"href":"https:\/\/tropicasa.com\/fincalosagaves\/wp-json\/wp\/v2\/types\/page"}],"author":[{"embeddable":true,"href":"https:\/\/tropicasa.com\/fincalosagaves\/wp-json\/wp\/v2\/users\/1"}],"replies":[{"embeddable":true,"href":"https:\/\/tropicasa.com\/fincalosagaves\/wp-json\/wp\/v2\/comments?post=142"}],"version-history":[{"count":0,"href":"https:\/\/tropicasa.com\/fincalosagaves\/wp-json\/wp\/v2\/pages\/142\/revisions"}],"wp:attachment":[{"href":"https:\/\/tropicasa.com\/fincalosagaves\/wp-json\/wp\/v2\/media?parent=142"}],"curies":[{"name":"wp","href":"https:\/\/api.w.org\/{rel}","templated":true}]}}