{"id":140,"date":"2023-12-29T17:28:55","date_gmt":"2023-12-29T23:28:55","guid":{"rendered":"https:\/\/tropicasa.com\/fincalosagaves\/?page_id=140"},"modified":"2025-12-15T14:43:11","modified_gmt":"2025-12-15T20:43:11","slug":"vive-el-espiritu-de-mexico","status":"publish","type":"page","link":"https:\/\/tropicasa.com\/fincalosagaves\/","title":{"rendered":"Vive la<br \/> escencia de<br \/> M\u00e9xico"},"content":{"rendered":"\n<div style=\"height:100px\" aria-hidden=\"true\" class=\"wp-block-spacer\"><\/div>\n\n\n\n<h2 class=\"wp-block-heading\">EL DESARROLLO<\/h2>\n\n\n\n<p>La esencia de la vida tropical te espera en esta nueva colecci\u00f3n boutique de solo 8 condominios, donde la vitalidad de M\u00e9xico se encuentra con la conveniencia moderna.<\/p>\n\n\n\n<p>Con una ubicaci\u00f3n privilegiada cerca de la Zona Rom\u00e1ntica y con vistas a la ciudad, las monta\u00f1as y al mar, te sentir\u00e1s aut\u00e9nticamente en casa en Finca Los Agaves.<\/p>\n","protected":false},"excerpt":{"rendered":"<p>EL DESARROLLO La esencia de la vida tropical te espera en esta nueva colecci\u00f3n boutique de solo 8 condominios, donde la vitalidad de M\u00e9xico se encuentra con la conveniencia moderna. Con una ubicaci\u00f3n privilegiada cerca de la Zona Rom\u00e1ntica y con vistas a la ciudad, las monta\u00f1as y al mar, te sentir\u00e1s aut\u00e9nticamente en casa [&hellip;]<\/p>\n","protected":false},"author":1,"featured_media":0,"parent":0,"menu_order":0,"comment_status":"closed","ping_status":"open","template":"","meta":{"footnotes":""},"class_list":["post-140","page","type-page","status-publish","hentry"],"acf":[],"lang":"es","translations":{"es":140,"en":2},"pll_sync_post":[],"_links":{"self":[{"href":"https:\/\/tropicasa.com\/fincalosagaves\/wp-json\/wp\/v2\/pages\/140","targetHints":{"allow":["GET"]}}],"collection":[{"href":"https:\/\/tropicasa.com\/fincalosagaves\/wp-json\/wp\/v2\/pages"}],"about":[{"href":"https:\/\/tropicasa.com\/fincalosagaves\/wp-json\/wp\/v2\/types\/page"}],"author":[{"embeddable":true,"href":"https:\/\/tropicasa.com\/fincalosagaves\/wp-json\/wp\/v2\/users\/1"}],"replies":[{"embeddable":true,"href":"https:\/\/tropicasa.com\/fincalosagaves\/wp-json\/wp\/v2\/comments?post=140"}],"version-history":[{"count":0,"href":"https:\/\/tropicasa.com\/fincalosagaves\/wp-json\/wp\/v2\/pages\/140\/revisions"}],"wp:attachment":[{"href":"https:\/\/tropicasa.com\/fincalosagaves\/wp-json\/wp\/v2\/media?parent=140"}],"curies":[{"name":"wp","href":"https:\/\/api.w.org\/{rel}","templated":true}]}}